{"id":80,"date":"2015-03-28T22:20:53","date_gmt":"2015-03-28T20:20:53","guid":{"rendered":"http:\/\/www.luddiitti.fi\/blog\/?page_id=80"},"modified":"2025-02-19T17:03:24","modified_gmt":"2025-02-19T15:03:24","slug":"luddiitti","status":"publish","type":"page","link":"https:\/\/luddiitti.fi\/blog\/luddiitti\/","title":{"rendered":"Luddiitti"},"content":{"rendered":"\n<p>Ai mik\u00e4 luddiitti?&nbsp; Omalta osaltani koneenrikkoja-sanan alkuper\u00e4 on toisesta&nbsp; palkallisesta ty\u00f6teht\u00e4v\u00e4st\u00e4ni viime vuosituhannella. Ei sis\u00e4ll\u00e4 tai ole koskaan sis\u00e4lt\u00e4nyt mit\u00e4\u00e4n yhteiskunnallisia, poliittisia tai taloudellisia kannanottoja. Tai yht\u00e4\u00e4n mit\u00e4\u00e4n muutakaan syv\u00e4llisemp\u00e4\u00e4 sanomaa. Yksinkertaistettuna olin ammoisana aikana valtion leiviss\u00e4 koneenhoitajana ja my\u00f6hemmin operaattorina. Sivistyssanakirjasta l\u00f6ytyi koneenrikkoja-sanan kohdalta luddiitti.<\/p>\n\n\n\n<p>Luddiitti ei&nbsp; itseisarvona tai edes sanana kuvaa ulkoista maailmaa kohtaan asettamaani asennetta kovin hyvin. Kielt\u00e4m\u00e4tt\u00e4 kaikki uusi ei mielest\u00e4ni tarkoita automaattisesti pelkk\u00e4\u00e4 hyv\u00e4\u00e4. Menneisyydess\u00e4 on turha tarpoa, mutta sielta voi ottaa kokemuksia uusia asioita kohdattaessa. Vanhat virheet tekee helposti uudestaan, jos niit\u00e4 ei huomioi. Mielest\u00e4ni on arveluttavaa tehd\u00e4 asioita <em>aina<\/em> vanhalla rutiinilla, eritoten periaatteella \"n\u00e4in on aina tehty\". Uusi tapa saattaa olla helpompi, nopeampi ja\/tai tehokkaampi tai se voi luoda jotain t\u00e4ysin uutta, jotain sellaista mit\u00e4 ei olisi voinut edes kuvitella. Jopa yleishy\u00f6dyllist\u00e4 s\u00e4\u00e4dyst\u00e4 riippumatonta hyvinvointia.<\/p>\n\n\n\n<p>Nelj\u00e4nnesvuosisata my\u00f6hemmin, <em>luddiitti <\/em>on kielt\u00e4m\u00e4tt\u00e4 (enenev\u00e4ss\u00e4 m\u00e4\u00e4rin) ristiriitainen tunniste, ominaisuus tai m\u00e4\u00e4ritelm\u00e4 minulle. Jos kohta on ymp\u00e4r\u00f6iv\u00e4 todellisuuskin kuin suuri illuusio tai jopa solipsistinen hallusinaatio. El\u00e4m\u00e4 ei kuitenkaan saa olla liian vakavaa. Joskus pit\u00e4\u00e4 heitt\u00e4\u00e4 aivot narikkaan ja olla oikeasti onnellinen.<\/p>\n\n\n\n<p>luddiitti.fi webristeilyis\u00e4nt\u00e4<\/p>\n\n\n\n<p>Pende<\/p>\n\n\n\n<p><a href=\"http:\/\/luddiitti.fi\/\">luddiitti.fi<\/a><\/p>\n\n\n\n<p><a href=\"https:\/\/www.facebook.com\/luddiitti\">Luddiitin Facebook<\/a><\/p>\n\n\n\n<figure class=\"wp-block-image size-large is-style-rounded\"><img loading=\"lazy\" decoding=\"async\" width=\"1024\" height=\"768\" src=\"https:\/\/luddiitti.fi\/blog\/wp-content\/uploads\/2020\/11\/IMG_20200623_213250-1024x768.jpg\" alt=\"\" class=\"wp-image-767\" srcset=\"https:\/\/luddiitti.fi\/blog\/wp-content\/uploads\/2020\/11\/IMG_20200623_213250-1024x768.jpg 1024w, https:\/\/luddiitti.fi\/blog\/wp-content\/uploads\/2020\/11\/IMG_20200623_213250-300x225.jpg 300w, https:\/\/luddiitti.fi\/blog\/wp-content\/uploads\/2020\/11\/IMG_20200623_213250-768x576.jpg 768w, https:\/\/luddiitti.fi\/blog\/wp-content\/uploads\/2020\/11\/IMG_20200623_213250-1536x1152.jpg 1536w, https:\/\/luddiitti.fi\/blog\/wp-content\/uploads\/2020\/11\/IMG_20200623_213250-2048x1536.jpg 2048w, https:\/\/luddiitti.fi\/blog\/wp-content\/uploads\/2020\/11\/IMG_20200623_213250-960x720.jpg 960w\" sizes=\"auto, (max-width: 1024px) 100vw, 1024px\" \/><figcaption class=\"wp-element-caption\">Digikamerasta saadaan neulanreik\u00e4kamera muokatun pohjatulpan avulla<\/figcaption><\/figure>\n\n\n\n<p><\/p>\n","protected":false},"excerpt":{"rendered":"<p>Ai mik\u00e4 luddiitti?&nbsp; Omalta osaltani koneenrikkoja-sanan alkuper\u00e4 on toisesta&nbsp; palkallisesta ty\u00f6teht\u00e4v\u00e4st\u00e4ni viime vuosituhannella. Ei sis\u00e4ll\u00e4 tai ole koskaan sis\u00e4lt\u00e4nyt mit\u00e4\u00e4n yhteiskunnallisia, poliittisia tai taloudellisia kannanottoja. Tai yht\u00e4\u00e4n mit\u00e4\u00e4n muutakaan syv\u00e4llisemp\u00e4\u00e4 sanomaa. Yksinkertaistettuna olin ammoisana aikana valtion leiviss\u00e4 koneenhoitajana ja my\u00f6hemmin operaattorina. Sivistyssanakirjasta l\u00f6ytyi koneenrikkoja-sanan kohdalta luddiitti. Luddiitti ei&nbsp; itseisarvona tai edes sanana kuvaa ulkoista maailmaa <a href=\"https:\/\/luddiitti.fi\/blog\/luddiitti\/\" class=\"more-link\">...jatka lukemista<span class=\"screen-reader-text\"> \"Luddiitti\"<\/span><\/a><\/p>\n","protected":false},"author":1,"featured_media":0,"parent":0,"menu_order":1,"comment_status":"closed","ping_status":"open","template":"","meta":{"footnotes":""},"class_list":["post-80","page","type-page","status-publish","h-entry","hentry","h-as-page"],"_links":{"self":[{"href":"https:\/\/luddiitti.fi\/blog\/wp-json\/wp\/v2\/pages\/80","targetHints":{"allow":["GET"]}}],"collection":[{"href":"https:\/\/luddiitti.fi\/blog\/wp-json\/wp\/v2\/pages"}],"about":[{"href":"https:\/\/luddiitti.fi\/blog\/wp-json\/wp\/v2\/types\/page"}],"author":[{"embeddable":true,"href":"https:\/\/luddiitti.fi\/blog\/wp-json\/wp\/v2\/users\/1"}],"replies":[{"embeddable":true,"href":"https:\/\/luddiitti.fi\/blog\/wp-json\/wp\/v2\/comments?post=80"}],"version-history":[{"count":22,"href":"https:\/\/luddiitti.fi\/blog\/wp-json\/wp\/v2\/pages\/80\/revisions"}],"predecessor-version":[{"id":1198,"href":"https:\/\/luddiitti.fi\/blog\/wp-json\/wp\/v2\/pages\/80\/revisions\/1198"}],"wp:attachment":[{"href":"https:\/\/luddiitti.fi\/blog\/wp-json\/wp\/v2\/media?parent=80"}],"curies":[{"name":"wp","href":"https:\/\/api.w.org\/{rel}","templated":true}]}}